{"id":2466,"date":"2018-09-13T10:32:02","date_gmt":"2018-09-13T08:32:02","guid":{"rendered":"https:\/\/www.deiahl.de\/about-the-gpia\/institute-jerusalem\/"},"modified":"2025-03-02T15:34:57","modified_gmt":"2025-03-02T14:34:57","slug":"institute-jerusalem","status":"publish","type":"page","link":"https:\/\/www.deiahl.de\/en\/institute-jerusalem\/","title":{"rendered":"Institute Jerusalem"},"content":{"rendered":"\n<h2 class=\"wp-block-heading\">About the GPIA Jerusalem<\/h2>\n\n\n\n<p>In 1982, the GPIA Jerusalem moved into its new facilities in the Auguste-Victoria- Compound on the Mount of Olives.<\/p>\n\n\n\n<h2 class=\"wp-block-heading\">Parish Community<\/h2>\n\n\n\n<p>A connection with the German-speaking Lutheran Parish of the Church of the Redeemer has existed since the early days of the institute. Gustaf Dalman, its first director, preached at the church and from 1921 to 1923 he and his successor held office as directors of the institute and provosts of the church simultaneously. Today, ar-chaeological tours and com-munity events at the church are an important part of the institute&#8217;s work.<\/p>\n\n\n\n<h2 class=\"wp-block-heading\">Associated Institutions<\/h2>\n\n\n\n<p>Jerusalem is today one of the major international centres of archaeological and cultural research, and is characterised by cooperation between various Israeli institutions and international research facilities, a situation which dates back to the 19th century.<\/p>\n\n\n\n<p>In 1890, the French <em>\u00c9cole Biblique et Arch\u00e9ologique Fran\u00e7aise<\/em> was founded, followed by the <em>American School of Oriental Researc<\/em><em>h <\/em>(today the <em>Albright Institute<\/em>) in 1900, the Italian <em>Studium Biblicum Franciscanum <\/em>in 1901 and the <em>British Sch<\/em><em>ool of Archaeology<\/em> (today the <em>Kenyon Institute<\/em>) in 1919. In 1913, the <em>Jewish Palestine Exploration Society <\/em>was founded, followed in 1948 by the <em>Israel Exploration Society<\/em> and in 1963 by the <em>Hebrew Union College<\/em>. The <em>Israel Antiquities Authority <\/em>(Jerusalem) and the <em>Palestinian Department of Antiquities <\/em>(Ramallah) conduct archaeological affairs on an official level.<\/p>\n\n\n\n<p>Founded in 1900, the German Protestant Institute of Archaeology is one of the most venerable archaeological institutions in Jerusalem, and together with the Roman Catholic <em>G\u00f6rres Society<\/em>, which was founded in 1908, it performs an important role in representing German archaeological research in the world.<\/p>\n","protected":false},"excerpt":{"rendered":"<p>About the GPIA Jerusalem In 1982, the GPIA Jerusalem moved into its new facilities in the Auguste-Victoria- Compound on the Mount of Olives. Parish Community [&hellip;]<\/p>\n","protected":false},"author":3,"featured_media":2642,"parent":0,"menu_order":30,"comment_status":"closed","ping_status":"closed","template":"","meta":{"_uag_custom_page_level_css":"","site-sidebar-layout":"default","site-content-layout":"default","ast-site-content-layout":"default","site-content-style":"default","site-sidebar-style":"default","ast-global-header-display":"","ast-banner-title-visibility":"","ast-main-header-display":"","ast-hfb-above-header-display":"","ast-hfb-below-header-display":"","ast-hfb-mobile-header-display":"","site-post-title":"","ast-breadcrumbs-content":"","ast-featured-img":"","footer-sml-layout":"","ast-disable-related-posts":"","theme-transparent-header-meta":"default","adv-header-id-meta":"3137","stick-header-meta":"default","header-above-stick-meta":"","header-main-stick-meta":"","header-below-stick-meta":"","astra-migrate-meta-layouts":"set","ast-page-background-enabled":"default","ast-page-background-meta":{"desktop":{"background-color":"","background-image":"","background-repeat":"repeat","background-position":"center center","background-size":"auto","background-attachment":"scroll","background-type":"","background-media":"","overlay-type":"","overlay-color":"","overlay-opacity":"","overlay-gradient":""},"tablet":{"background-color":"","background-image":"","background-repeat":"repeat","background-position":"center center","background-size":"auto","background-attachment":"scroll","background-type":"","background-media":"","overlay-type":"","overlay-color":"","overlay-opacity":"","overlay-gradient":""},"mobile":{"background-color":"","background-image":"","background-repeat":"repeat","background-position":"center center","background-size":"auto","background-attachment":"scroll","background-type":"","background-media":"","overlay-type":"","overlay-color":"","overlay-opacity":"","overlay-gradient":""}},"ast-content-background-meta":{"desktop":{"background-color":"var(--ast-global-color-5)","background-image":"","background-repeat":"repeat","background-position":"center center","background-size":"auto","background-attachment":"scroll","background-type":"","background-media":"","overlay-type":"","overlay-color":"","overlay-opacity":"","overlay-gradient":""},"tablet":{"background-color":"var(--ast-global-color-5)","background-image":"","background-repeat":"repeat","background-position":"center center","background-size":"auto","background-attachment":"scroll","background-type":"","background-media":"","overlay-type":"","overlay-color":"","overlay-opacity":"","overlay-gradient":""},"mobile":{"background-color":"var(--ast-global-color-5)","background-image":"","background-repeat":"repeat","background-position":"center center","background-size":"auto","background-attachment":"scroll","background-type":"","background-media":"","overlay-type":"","overlay-color":"","overlay-opacity":"","overlay-gradient":""}},"footnotes":""},"class_list":["post-2466","page","type-page","status-publish","has-post-thumbnail","hentry"],"uagb_featured_image_src":{"full":["https:\/\/www.deiahl.de\/wp-content\/uploads\/2018\/09\/9570_FotoBeyer.jpg",3168,2112,false],"thumbnail":["https:\/\/www.deiahl.de\/wp-content\/uploads\/2018\/09\/9570_FotoBeyer-150x150.jpg",150,150,true],"medium":["https:\/\/www.deiahl.de\/wp-content\/uploads\/2018\/09\/9570_FotoBeyer-300x200.jpg",300,200,true],"medium_large":["https:\/\/www.deiahl.de\/wp-content\/uploads\/2018\/09\/9570_FotoBeyer-768x512.jpg",768,512,true],"large":["https:\/\/www.deiahl.de\/wp-content\/uploads\/2018\/09\/9570_FotoBeyer-1024x683.jpg",1024,683,true],"1536x1536":["https:\/\/www.deiahl.de\/wp-content\/uploads\/2018\/09\/9570_FotoBeyer.jpg",1536,1024,false],"2048x2048":["https:\/\/www.deiahl.de\/wp-content\/uploads\/2018\/09\/9570_FotoBeyer.jpg",2048,1365,false]},"uagb_author_info":{"display_name":"Patrick Leiverkus","author_link":"https:\/\/www.deiahl.de\/en\/author\/webmaster\/"},"uagb_comment_info":0,"uagb_excerpt":"About the GPIA Jerusalem In 1982, the GPIA Jerusalem moved into its new facilities in the Auguste-Victoria- Compound on the Mount of Olives. Parish Community [&hellip;]","_links":{"self":[{"href":"https:\/\/www.deiahl.de\/en\/wp-json\/wp\/v2\/pages\/2466","targetHints":{"allow":["GET"]}}],"collection":[{"href":"https:\/\/www.deiahl.de\/en\/wp-json\/wp\/v2\/pages"}],"about":[{"href":"https:\/\/www.deiahl.de\/en\/wp-json\/wp\/v2\/types\/page"}],"author":[{"embeddable":true,"href":"https:\/\/www.deiahl.de\/en\/wp-json\/wp\/v2\/users\/3"}],"replies":[{"embeddable":true,"href":"https:\/\/www.deiahl.de\/en\/wp-json\/wp\/v2\/comments?post=2466"}],"version-history":[{"count":1,"href":"https:\/\/www.deiahl.de\/en\/wp-json\/wp\/v2\/pages\/2466\/revisions"}],"predecessor-version":[{"id":4505,"href":"https:\/\/www.deiahl.de\/en\/wp-json\/wp\/v2\/pages\/2466\/revisions\/4505"}],"wp:featuredmedia":[{"embeddable":true,"href":"https:\/\/www.deiahl.de\/en\/wp-json\/wp\/v2\/media\/2642"}],"wp:attachment":[{"href":"https:\/\/www.deiahl.de\/en\/wp-json\/wp\/v2\/media?parent=2466"}],"curies":[{"name":"wp","href":"https:\/\/api.w.org\/{rel}","templated":true}]}}