{"id":2554,"date":"2018-09-14T08:58:24","date_gmt":"2018-09-14T06:58:24","guid":{"rendered":"https:\/\/www.deiahl.de\/partners\/"},"modified":"2019-03-24T15:49:21","modified_gmt":"2019-03-24T14:49:21","slug":"partners","status":"publish","type":"page","link":"https:\/\/www.deiahl.de\/en\/partners\/","title":{"rendered":"Partners"},"content":{"rendered":"<p>Without the helping hands of our partners our work at the institute would not be possible. For many years we have been working with numerous associations and institutions, to whom we are very grateful. Therefore we would like to present them here more closely.<\/p>\n<p>\t\t\t\t\t\t\t\t\t\t\t<a href=\"http:\/\/www.ekd.de\/\" data-elementor-open-lightbox=\"\"><br \/>\n\t\t\t\t\t\t\t<img loading=\"lazy\" decoding=\"async\" width=\"300\" height=\"169\" src=\"https:\/\/www.deiahl.de\/wp-content\/uploads\/2018\/09\/ekd-violett_rdax_625x352_60-300x169.jpg\" alt=\"\" srcset=\"https:\/\/www.deiahl.de\/wp-content\/uploads\/2018\/09\/ekd-violett_rdax_625x352_60-300x169.jpg 300w, https:\/\/www.deiahl.de\/wp-content\/uploads\/2018\/09\/ekd-violett_rdax_625x352_60.jpg 625w\" sizes=\"auto, (max-width: 300px) 100vw, 300px\" \/>\t\t\t\t\t\t\t\t<\/a><\/p>\n<h2><a href=\"http:\/\/www.ekd.de\/\">Evangelical Church in Germany<\/a><\/h2>\n<p>Die <a href=\"http:\/\/www.ekd.de\/\">EKD<\/a> ist ein Zusammenschluss von 22 lutherische, unierte und reformierte Kirchen in Deutschland. Das Kirchenamt der 1945 gegr\u00fcndeten Dachorganisation hat seinen Sitz in Hannover. Die EKD ist f\u00fcr die ihm \u00fcbertragenen Gemeinschaftsaufgaben zust\u00e4ndig. Die Verantwortung f\u00fcr die Wahrnehmung dieser Aufgaben obliegt den Leitungsgremien der EKD, die sich aus Synode, Rat und Kirchenkonferenz zusammensetzen.<\/p>\n<p>\t\t\t\t\t\t\t\t\t\t\t<a href=\"https:\/\/www.bai-wuppertal.de\/\" data-elementor-open-lightbox=\"\"><br \/>\n\t\t\t\t\t\t\t<img loading=\"lazy\" decoding=\"async\" width=\"240\" height=\"80\" src=\"https:\/\/www.deiahl.de\/wp-content\/uploads\/2018\/09\/logo_web.png\" alt=\"\" \/>\t\t\t\t\t\t\t\t<\/a><\/p>\n<h2><a href=\"http:\/\/www.bai-wuppertal.de\/\">Biblisch-Arch\u00e4ologisches Institut<\/a><\/h2>\n<p>Das <strong><a href=\"http:\/\/www.bai-wuppertal.de\/\">BAI<\/a><\/strong> ist ein Institut der Kirchliche Hochschule Wuppertal\/Bethel und ein Aninstitut der Bergischen Universit\u00e4t Wuppertal. Das 1999 gegr\u00fcndete Institut unterh\u00e4lt enge Verbindungen zur Privaten Universit\u00e4t Witten-Herdecke. Seit 2002 befindet sich das BAI im Haus FD auf dem Campus Freudenberg der Bergischen Universit\u00e4t.<\/p>\n<p>\t\t\t\t\t\t\t\t\t\t\t<a href=\"https:\/\/www.dainst.org\/\" data-elementor-open-lightbox=\"\"><br \/>\n\t\t\t\t\t\t\t<img loading=\"lazy\" decoding=\"async\" width=\"150\" height=\"150\" src=\"https:\/\/www.deiahl.de\/wp-content\/uploads\/2018\/09\/company_logo-150x150.png\" alt=\"\" \/>\t\t\t\t\t\t\t\t<\/a><\/p>\n<h2><a href=\"https:\/\/www.dainst.org\/\">Deutsches Arch\u00e4ologisches Institut<\/a><\/h2>\n<p>Das <a href=\"https:\/\/www.dainst.org\/\" target=\"_blank\" rel=\"noopener noreferrer\">Deutsche Arch\u00e4ologische Institut<\/a> (DAI) ist eine wissenschaftliche Einrichtung, die als Bundesanstalt zum Gesch\u00e4ftsbereich des <a href=\"https:\/\/www.auswaertiges-amt.de\/de\" target=\"_blank\" rel=\"noopener noreferrer\">Ausw\u00e4rtigen Amts<\/a> geh\u00f6rt. Das Institut hat seine Zentrale in Berlin und mehrere Kommissionen und Abteilungen im In- und Ausland.<\/p>\n<p>\t\t\t\t\t\t\t\t\t\t\t<a href=\"http:\/\/www.evangelisch-in-jerusalem.org\/\" data-elementor-open-lightbox=\"\"><br \/>\n\t\t\t\t\t\t\t<img loading=\"lazy\" decoding=\"async\" width=\"391\" height=\"150\" src=\"https:\/\/www.deiahl.de\/wp-content\/uploads\/2018\/09\/kopf_erloeser.jpg\" alt=\"\" srcset=\"https:\/\/www.deiahl.de\/wp-content\/uploads\/2018\/09\/kopf_erloeser.jpg 391w, https:\/\/www.deiahl.de\/wp-content\/uploads\/2018\/09\/kopf_erloeser-300x115.jpg 300w\" sizes=\"auto, (max-width: 391px) 100vw, 391px\" \/>\t\t\t\t\t\t\t\t<\/a><\/p>\n<h2><a href=\"http:\/\/www.evangelisch-in-jerusalem.org\/\">Evangelisch in Jerusalem<\/a><\/h2>\n<p>Zu den <strong><a href=\"http:\/\/www.evangelisch-in-jerusalem.org\/\">Stiftungen der EKD im Heiligen Lande<\/a><\/strong> geh\u00f6ren die Evangelische Gemeinde deutscher Sprache zu Jerusalem, das Pilger- und Begegnungszentrum und das Deutsche Evangelische Institut f\u00fcr Altertumswissenschaft des Heiligen Landes sowie das Studienprogramm \u201eStudium in Israel\u201c.<\/p>\n<p>\t\t\t\t\t\t\t\t\t\t\t<a href=\"http:\/\/www.bibeldorf.de\/\" data-elementor-open-lightbox=\"\"><br \/>\n\t\t\t\t\t\t\t<img loading=\"lazy\" decoding=\"async\" width=\"572\" height=\"288\" src=\"https:\/\/www.deiahl.de\/wp-content\/uploads\/2018\/09\/aufmacher.gif\" alt=\"\" \/>\t\t\t\t\t\t\t\t<\/a><\/p>\n<h2><a href=\"http:\/\/www.bibeldorf.de\/\">Bibeldorf<\/a><\/h2>\n<p>Das <a href=\"http:\/\/www.bibeldorf.de\/\"><strong>Bibeldorf Rietberg<\/strong><\/a> versteht sich als ein religionsp\u00e4dagogischer Lernort und als Museum zur Umwelt der Bibel. Schulklassen sowie Jugend- und Erwachsenengruppen nehmen hier Jahr f\u00fcr Jahr an Projekten und F\u00fchrungen teil mit dem Ziel die Welt und Umwelt der Bibel besser kennen zu lernen.<\/p>\n","protected":false},"excerpt":{"rendered":"<p>Without the helping hands of our partners our work at the institute would not be possible. For many years we have been working with numerous [&hellip;]<\/p>\n","protected":false},"author":3,"featured_media":2233,"parent":0,"menu_order":50,"comment_status":"closed","ping_status":"closed","template":"","meta":{"_uag_custom_page_level_css":"","site-sidebar-layout":"default","site-content-layout":"default","ast-site-content-layout":"default","site-content-style":"default","site-sidebar-style":"default","ast-global-header-display":"","ast-banner-title-visibility":"","ast-main-header-display":"","ast-hfb-above-header-display":"","ast-hfb-below-header-display":"","ast-hfb-mobile-header-display":"","site-post-title":"","ast-breadcrumbs-content":"","ast-featured-img":"","footer-sml-layout":"","ast-disable-related-posts":"","theme-transparent-header-meta":"default","adv-header-id-meta":"3137","stick-header-meta":"default","header-above-stick-meta":"","header-main-stick-meta":"","header-below-stick-meta":"","astra-migrate-meta-layouts":"default","ast-page-background-enabled":"default","ast-page-background-meta":{"desktop":{"background-color":"","background-image":"","background-repeat":"repeat","background-position":"center center","background-size":"auto","background-attachment":"scroll","background-type":"","background-media":"","overlay-type":"","overlay-color":"","overlay-opacity":"","overlay-gradient":""},"tablet":{"background-color":"","background-image":"","background-repeat":"repeat","background-position":"center center","background-size":"auto","background-attachment":"scroll","background-type":"","background-media":"","overlay-type":"","overlay-color":"","overlay-opacity":"","overlay-gradient":""},"mobile":{"background-color":"","background-image":"","background-repeat":"repeat","background-position":"center center","background-size":"auto","background-attachment":"scroll","background-type":"","background-media":"","overlay-type":"","overlay-color":"","overlay-opacity":"","overlay-gradient":""}},"ast-content-background-meta":{"desktop":{"background-color":"var(--ast-global-color-5)","background-image":"","background-repeat":"repeat","background-position":"center center","background-size":"auto","background-attachment":"scroll","background-type":"","background-media":"","overlay-type":"","overlay-color":"","overlay-opacity":"","overlay-gradient":""},"tablet":{"background-color":"var(--ast-global-color-5)","background-image":"","background-repeat":"repeat","background-position":"center center","background-size":"auto","background-attachment":"scroll","background-type":"","background-media":"","overlay-type":"","overlay-color":"","overlay-opacity":"","overlay-gradient":""},"mobile":{"background-color":"var(--ast-global-color-5)","background-image":"","background-repeat":"repeat","background-position":"center center","background-size":"auto","background-attachment":"scroll","background-type":"","background-media":"","overlay-type":"","overlay-color":"","overlay-opacity":"","overlay-gradient":""}},"footnotes":""},"class_list":["post-2554","page","type-page","status-publish","has-post-thumbnail","hentry"],"uagb_featured_image_src":{"full":["https:\/\/www.deiahl.de\/wp-content\/uploads\/2018\/08\/Panorama-vom-DEI_FotoBeyer.jpg",6233,2930,false],"thumbnail":["https:\/\/www.deiahl.de\/wp-content\/uploads\/2018\/08\/Panorama-vom-DEI_FotoBeyer-150x150.jpg",150,150,true],"medium":["https:\/\/www.deiahl.de\/wp-content\/uploads\/2018\/08\/Panorama-vom-DEI_FotoBeyer-300x141.jpg",300,141,true],"medium_large":["https:\/\/www.deiahl.de\/wp-content\/uploads\/2018\/08\/Panorama-vom-DEI_FotoBeyer-768x361.jpg",768,361,true],"large":["https:\/\/www.deiahl.de\/wp-content\/uploads\/2018\/08\/Panorama-vom-DEI_FotoBeyer-1024x481.jpg",1024,481,true],"1536x1536":["https:\/\/www.deiahl.de\/wp-content\/uploads\/2018\/08\/Panorama-vom-DEI_FotoBeyer.jpg",1536,722,false],"2048x2048":["https:\/\/www.deiahl.de\/wp-content\/uploads\/2018\/08\/Panorama-vom-DEI_FotoBeyer.jpg",2048,963,false]},"uagb_author_info":{"display_name":"Patrick Leiverkus","author_link":"https:\/\/www.deiahl.de\/en\/author\/webmaster\/"},"uagb_comment_info":0,"uagb_excerpt":"Without the helping hands of our partners our work at the institute would not be possible. For many years we have been working with numerous [&hellip;]","_links":{"self":[{"href":"https:\/\/www.deiahl.de\/en\/wp-json\/wp\/v2\/pages\/2554","targetHints":{"allow":["GET"]}}],"collection":[{"href":"https:\/\/www.deiahl.de\/en\/wp-json\/wp\/v2\/pages"}],"about":[{"href":"https:\/\/www.deiahl.de\/en\/wp-json\/wp\/v2\/types\/page"}],"author":[{"embeddable":true,"href":"https:\/\/www.deiahl.de\/en\/wp-json\/wp\/v2\/users\/3"}],"replies":[{"embeddable":true,"href":"https:\/\/www.deiahl.de\/en\/wp-json\/wp\/v2\/comments?post=2554"}],"version-history":[{"count":0,"href":"https:\/\/www.deiahl.de\/en\/wp-json\/wp\/v2\/pages\/2554\/revisions"}],"wp:featuredmedia":[{"embeddable":true,"href":"https:\/\/www.deiahl.de\/en\/wp-json\/wp\/v2\/media\/2233"}],"wp:attachment":[{"href":"https:\/\/www.deiahl.de\/en\/wp-json\/wp\/v2\/media?parent=2554"}],"curies":[{"name":"wp","href":"https:\/\/api.w.org\/{rel}","templated":true}]}}