{"id":3619,"date":"2022-08-21T18:45:07","date_gmt":"2022-08-21T16:45:07","guid":{"rendered":"https:\/\/www.deiahl.de\/about-the-gpia\/institute-amman\/team\/dr-brita-jansen\/"},"modified":"2026-02-17T10:21:21","modified_gmt":"2026-02-17T09:21:21","slug":"brita-jansen","status":"publish","type":"page","link":"https:\/\/www.deiahl.de\/en\/institute-amman\/team\/brita-jansen\/","title":{"rendered":"Dr. Brita Jansen"},"content":{"rendered":"\n<figure class=\"wp-block-image aligncenter\"><img decoding=\"async\" src=\"https:\/\/www.deiahl.de\/wp-content\/uploads\/2022\/08\/brita_jansen-233x300.jpg\" alt=\"Dr. Brita Jansen\"\/><\/figure>\n\n\n\n<p>Dr. Brita Jansen hat zum 01.07.2022 die Leitung des Ammaner Institutes \u00fcbernommen.<\/p>\n\n\n\n<p>Sie hat Klassische Arch\u00e4ologie, \u00c4gyptologie und Ur- und Fr\u00fchgeschichte an den Universit\u00e4ten K\u00f6ln, Sevilla und Berlin studiert und an der FU Berlin den Magisterabschluss mit einer Arbeit \u00fcber r\u00f6mische Theater in der Baetica gemacht.<\/p>\n\n\n\n<p>In der Folge hat sie an verschiedenen Forschungsprojekten zum Wohnen in den nordwestlichen Provinzen und zu r\u00f6mischer Wandmalerei in der Colonia Ulpia Traiana (Xanten) mitgearbeitet. Au\u00dferdem war sie war Mitglied des wissenschaftlichen Netzwerkes \u201eFokus Fortifikation\u201c.<\/p>\n\n\n\n<p>Vor allem aber hat sie schon seit ihrem Studium an zahlreichen Grabungskampagnen des Deutschen Evangelischen Institutes und des Deutschen Arch\u00e4ologischen Institutes in Gadara (Umm Qays) mitgearbeitet. Daraus erwuchs nicht nur eine gro\u00dfe Liebe zu dem Land, sondern auch das Thema ihrer Dissertation zur \u201eHellenistischen Befestigung von Seleukeia Gadara\u201c, mit der sie 2017 an der Universit\u00e4t Hamburg promoviert wurde.<\/p>\n\n\n\n<p>Im Anschluss war sie Lehrbeauftragte an den Universit\u00e4ten Hamburg und Bremen. Zugleich hat sie seit 2019 an den Ausgrabungen des DEI auf dem Tall Zar\u02bfa sowie an dem Kooperationsprojekt mit der UNESCO \u201eSupport to livelihood through cultural development\u201c mitgearbeitet.<\/p>\n\n\n\n<p>Schwerpunkte ihrer wissenschaftlichen Arbeit sind antike Fortifikationen, Wandmalerei, hellenistische und r\u00f6mische Architektur im Nahen Osten und Arch\u00e4ologie der r\u00f6mischen Provinzen.<\/p>\n\n\n\n<p><a href=\"https:\/\/www.deiahl.de\/wp-content\/uploads\/2022\/08\/brita_jansen.jpg\" data-elementor-open-lightbox=\"yes\" data-elementor-lightbox-title=\"Dr. Brita Jansen\" data-elementor-lightbox-description=\"Dr. Brita Jansen\"><br> <\/a><\/p>\n","protected":false},"excerpt":{"rendered":"<p>Dr. Brita Jansen hat zum 01.07.2022 die Leitung des Ammaner Institutes \u00fcbernommen. Sie hat Klassische Arch\u00e4ologie, \u00c4gyptologie und Ur- und Fr\u00fchgeschichte an den Universit\u00e4ten K\u00f6ln, [&hellip;]<\/p>\n","protected":false},"author":3,"featured_media":2178,"parent":2448,"menu_order":0,"comment_status":"closed","ping_status":"closed","template":"","meta":{"_uag_custom_page_level_css":"","site-sidebar-layout":"default","site-content-layout":"default","ast-site-content-layout":"default","site-content-style":"default","site-sidebar-style":"default","ast-global-header-display":"","ast-banner-title-visibility":"","ast-main-header-display":"","ast-hfb-above-header-display":"","ast-hfb-below-header-display":"","ast-hfb-mobile-header-display":"","site-post-title":"","ast-breadcrumbs-content":"","ast-featured-img":"disabled","footer-sml-layout":"","ast-disable-related-posts":"","theme-transparent-header-meta":"default","adv-header-id-meta":"3137","stick-header-meta":"default","header-above-stick-meta":"","header-main-stick-meta":"","header-below-stick-meta":"","astra-migrate-meta-layouts":"set","ast-page-background-enabled":"default","ast-page-background-meta":{"desktop":{"background-color":"","background-image":"","background-repeat":"repeat","background-position":"center center","background-size":"auto","background-attachment":"scroll","background-type":"","background-media":"","overlay-type":"","overlay-color":"","overlay-opacity":"","overlay-gradient":""},"tablet":{"background-color":"","background-image":"","background-repeat":"repeat","background-position":"center center","background-size":"auto","background-attachment":"scroll","background-type":"","background-media":"","overlay-type":"","overlay-color":"","overlay-opacity":"","overlay-gradient":""},"mobile":{"background-color":"","background-image":"","background-repeat":"repeat","background-position":"center center","background-size":"auto","background-attachment":"scroll","background-type":"","background-media":"","overlay-type":"","overlay-color":"","overlay-opacity":"","overlay-gradient":""}},"ast-content-background-meta":{"desktop":{"background-color":"var(--ast-global-color-5)","background-image":"","background-repeat":"repeat","background-position":"center center","background-size":"auto","background-attachment":"scroll","background-type":"","background-media":"","overlay-type":"","overlay-color":"","overlay-opacity":"","overlay-gradient":""},"tablet":{"background-color":"var(--ast-global-color-5)","background-image":"","background-repeat":"repeat","background-position":"center center","background-size":"auto","background-attachment":"scroll","background-type":"","background-media":"","overlay-type":"","overlay-color":"","overlay-opacity":"","overlay-gradient":""},"mobile":{"background-color":"var(--ast-global-color-5)","background-image":"","background-repeat":"repeat","background-position":"center center","background-size":"auto","background-attachment":"scroll","background-type":"","background-media":"","overlay-type":"","overlay-color":"","overlay-opacity":"","overlay-gradient":""}},"footnotes":""},"class_list":["post-3619","page","type-page","status-publish","has-post-thumbnail","hentry"],"uagb_featured_image_src":{"full":["https:\/\/www.deiahl.de\/wp-content\/uploads\/2018\/08\/institut_amman-ed439ff3.jpg",468,185,false],"thumbnail":["https:\/\/www.deiahl.de\/wp-content\/uploads\/2018\/08\/institut_amman-ed439ff3-150x150.jpg",150,150,true],"medium":["https:\/\/www.deiahl.de\/wp-content\/uploads\/2018\/08\/institut_amman-ed439ff3-300x119.jpg",300,119,true],"medium_large":["https:\/\/www.deiahl.de\/wp-content\/uploads\/2018\/08\/institut_amman-ed439ff3.jpg",468,185,false],"large":["https:\/\/www.deiahl.de\/wp-content\/uploads\/2018\/08\/institut_amman-ed439ff3.jpg",468,185,false],"1536x1536":["https:\/\/www.deiahl.de\/wp-content\/uploads\/2018\/08\/institut_amman-ed439ff3.jpg",468,185,false],"2048x2048":["https:\/\/www.deiahl.de\/wp-content\/uploads\/2018\/08\/institut_amman-ed439ff3.jpg",468,185,false]},"uagb_author_info":{"display_name":"Patrick Leiverkus","author_link":"https:\/\/www.deiahl.de\/en\/author\/webmaster\/"},"uagb_comment_info":0,"uagb_excerpt":"Dr. Brita Jansen hat zum 01.07.2022 die Leitung des Ammaner Institutes \u00fcbernommen. Sie hat Klassische Arch\u00e4ologie, \u00c4gyptologie und Ur- und Fr\u00fchgeschichte an den Universit\u00e4ten K\u00f6ln, [&hellip;]","_links":{"self":[{"href":"https:\/\/www.deiahl.de\/en\/wp-json\/wp\/v2\/pages\/3619","targetHints":{"allow":["GET"]}}],"collection":[{"href":"https:\/\/www.deiahl.de\/en\/wp-json\/wp\/v2\/pages"}],"about":[{"href":"https:\/\/www.deiahl.de\/en\/wp-json\/wp\/v2\/types\/page"}],"author":[{"embeddable":true,"href":"https:\/\/www.deiahl.de\/en\/wp-json\/wp\/v2\/users\/3"}],"replies":[{"embeddable":true,"href":"https:\/\/www.deiahl.de\/en\/wp-json\/wp\/v2\/comments?post=3619"}],"version-history":[{"count":5,"href":"https:\/\/www.deiahl.de\/en\/wp-json\/wp\/v2\/pages\/3619\/revisions"}],"predecessor-version":[{"id":4658,"href":"https:\/\/www.deiahl.de\/en\/wp-json\/wp\/v2\/pages\/3619\/revisions\/4658"}],"up":[{"embeddable":true,"href":"https:\/\/www.deiahl.de\/en\/wp-json\/wp\/v2\/pages\/2448"}],"wp:featuredmedia":[{"embeddable":true,"href":"https:\/\/www.deiahl.de\/en\/wp-json\/wp\/v2\/media\/2178"}],"wp:attachment":[{"href":"https:\/\/www.deiahl.de\/en\/wp-json\/wp\/v2\/media?parent=3619"}],"curies":[{"name":"wp","href":"https:\/\/api.w.org\/{rel}","templated":true}]}}